{"id":396,"date":"2017-06-07T20:02:42","date_gmt":"2017-06-07T17:02:42","guid":{"rendered":"http:\/\/slainte.com.tr\/?page_id=396\/"},"modified":"2025-06-21T11:49:22","modified_gmt":"2025-06-21T08:49:22","slug":"et-kurutma-aleti-ingilizce","status":"publish","type":"page","link":"https:\/\/slainte.com.tr\/en\/et-kurutma-aleti-ingilizce\/","title":{"rendered":"Meat Drier"},"content":{"rendered":"\n<style type=\"text\/css\" data-created_by=\"avia_inline_auto\" id=\"style-css-av-av_one_third-6126cab7d8fab8d08143dd2dacdf673c\">\n.flex_column.av-av_one_third-6126cab7d8fab8d08143dd2dacdf673c{\n-webkit-border-radius:0px 0px 0px 0px;\n-moz-border-radius:0px 0px 0px 0px;\nborder-radius:0px 0px 0px 0px;\npadding:0px 0px 0px 0px;\n}\n<\/style>\n<div class='flex_column av-av_one_third-6126cab7d8fab8d08143dd2dacdf673c av_one_third  avia-builder-el-0  el_before_av_two_third  avia-builder-el-first  first flex_column_div av-zero-column-padding '     ><p>\n<style type=\"text\/css\" data-created_by=\"avia_inline_auto\" id=\"style-css-av-av_image-b97ad9eba08e7e003a1bfcb728656a71\">\n.avia-image-container.av-av_image-b97ad9eba08e7e003a1bfcb728656a71 img.avia_image{\nbox-shadow:none;\n}\n.avia-image-container.av-av_image-b97ad9eba08e7e003a1bfcb728656a71 .av-image-caption-overlay-center{\ncolor:#ffffff;\n}\n<\/style>\n<div  class='avia-image-container av-av_image-b97ad9eba08e7e003a1bfcb728656a71 av-styling- avia-align-center  avia-builder-el-1  el_before_av_image  avia-builder-el-first '   itemprop=\"image\" itemscope=\"itemscope\" itemtype=\"https:\/\/schema.org\/ImageObject\" ><div class=\"avia-image-container-inner\"><div class=\"avia-image-overlay-wrap\"><img class='wp-image-601 avia-img-lazy-loading-not-601 avia_image ' src=\"https:\/\/slainte.com.tr\/wp-content\/uploads\/2017\/05\/et-kurutma-01.jpg\" alt='' title=''  height=\"563\" width=\"1000\"  itemprop=\"thumbnailUrl\" srcset=\"https:\/\/slainte.com.tr\/wp-content\/uploads\/2017\/05\/et-kurutma-01.jpg 1000w, https:\/\/slainte.com.tr\/wp-content\/uploads\/2017\/05\/et-kurutma-01-300x169.jpg 300w, https:\/\/slainte.com.tr\/wp-content\/uploads\/2017\/05\/et-kurutma-01-768x432.jpg 768w, https:\/\/slainte.com.tr\/wp-content\/uploads\/2017\/05\/et-kurutma-01-705x397.jpg 705w, https:\/\/slainte.com.tr\/wp-content\/uploads\/2017\/05\/et-kurutma-01-450x253.jpg 450w\" sizes=\"(max-width: 1000px) 100vw, 1000px\" \/><\/div><\/div><\/div><br \/>\n\n<style type=\"text\/css\" data-created_by=\"avia_inline_auto\" id=\"style-css-av-av_image-70013557020e4e848f786293cd510c78\">\n.avia-image-container.av-av_image-70013557020e4e848f786293cd510c78 img.avia_image{\nbox-shadow:none;\n}\n.avia-image-container.av-av_image-70013557020e4e848f786293cd510c78 .av-image-caption-overlay-center{\ncolor:#ffffff;\n}\n<\/style>\n<div  class='avia-image-container av-av_image-70013557020e4e848f786293cd510c78 av-styling- avia-align-center  avia-builder-el-2  el_after_av_image  avia-builder-el-last '   itemprop=\"image\" itemscope=\"itemscope\" itemtype=\"https:\/\/schema.org\/ImageObject\" ><div class=\"avia-image-container-inner\"><div class=\"avia-image-overlay-wrap\"><img class='wp-image-602 avia-img-lazy-loading-not-602 avia_image ' src=\"https:\/\/slainte.com.tr\/wp-content\/uploads\/2017\/06\/IMG_20170607_153950_558-1030x704.jpg\" alt='' title='IMG_20170607_153950_558'  height=\"704\" width=\"1030\"  itemprop=\"thumbnailUrl\" srcset=\"https:\/\/slainte.com.tr\/wp-content\/uploads\/2017\/06\/IMG_20170607_153950_558-1030x704.jpg 1030w, https:\/\/slainte.com.tr\/wp-content\/uploads\/2017\/06\/IMG_20170607_153950_558-300x205.jpg 300w, https:\/\/slainte.com.tr\/wp-content\/uploads\/2017\/06\/IMG_20170607_153950_558-768x525.jpg 768w, https:\/\/slainte.com.tr\/wp-content\/uploads\/2017\/06\/IMG_20170607_153950_558-1500x1025.jpg 1500w, https:\/\/slainte.com.tr\/wp-content\/uploads\/2017\/06\/IMG_20170607_153950_558-705x482.jpg 705w, https:\/\/slainte.com.tr\/wp-content\/uploads\/2017\/06\/IMG_20170607_153950_558-450x308.jpg 450w\" sizes=\"(max-width: 1030px) 100vw, 1030px\" \/><\/div><\/div><\/div><\/p><\/div>\n\n<style type=\"text\/css\" data-created_by=\"avia_inline_auto\" id=\"style-css-av-av_two_third-0aa7055fe62c3622faec82866afbaeb2\">\n.flex_column.av-av_two_third-0aa7055fe62c3622faec82866afbaeb2{\n-webkit-border-radius:0px 0px 0px 0px;\n-moz-border-radius:0px 0px 0px 0px;\nborder-radius:0px 0px 0px 0px;\npadding:0px 0px 0px 0px;\n}\n<\/style>\n<div class='flex_column av-av_two_third-0aa7055fe62c3622faec82866afbaeb2 av_two_third  avia-builder-el-3  el_after_av_one_third  el_before_av_one_full  flex_column_div av-zero-column-padding '     ><p>\n<style type=\"text\/css\" data-created_by=\"avia_inline_auto\" id=\"style-css-av-av_heading-ce972c79accb9f8eb41ff3304b83bf4f\">\n#top .av-special-heading.av-av_heading-ce972c79accb9f8eb41ff3304b83bf4f{\npadding-bottom:10px;\n}\nbody .av-special-heading.av-av_heading-ce972c79accb9f8eb41ff3304b83bf4f .av-special-heading-tag .heading-char{\nfont-size:25px;\n}\n.av-special-heading.av-av_heading-ce972c79accb9f8eb41ff3304b83bf4f .av-subheading{\nfont-size:15px;\n}\n<\/style>\n<div  class='av-special-heading av-av_heading-ce972c79accb9f8eb41ff3304b83bf4f av-special-heading-h1 blockquote modern-quote  avia-builder-el-4  el_before_av_textblock  avia-builder-el-first '><div class='av-subheading av-subheading_above'><p>Slainte<\/p>\n<\/div><h1 class='av-special-heading-tag'  itemprop=\"headline\"  >Meat Dryer<\/h1><div class=\"special-heading-border\"><div class=\"special-heading-inner-border\"><\/div><\/div><\/div><br \/>\n\n<style type=\"text\/css\" data-created_by=\"avia_inline_auto\" id=\"style-css-av-av_textblock-78053a814379703d97f6b9d952c790ca\">\n#top .av_textblock_section.av-av_textblock-78053a814379703d97f6b9d952c790ca .avia_textblock{\nfont-size:16px;\n}\n<\/style>\n<section  class='av_textblock_section av-av_textblock-78053a814379703d97f6b9d952c790ca'  itemscope=\"itemscope\" itemtype=\"https:\/\/schema.org\/CreativeWork\" ><div class='avia_textblock'  itemprop=\"text\" ><p>Slainte again proudly presents; Home type simple meat dryer!<\/p>\n<p>Smoked (using Slainte instant smoker) or plain homemade dried meat! Only in 5 days, no mess, no unpleasant odours, you have your delicious dried meat with the spices and aromas to your choice, for half the price in your charcuterie.<\/p>\n<p>All you need is a small balcony and an electric socket for the fan!<\/p>\n<\/div><\/section><\/p><\/div>\n\n<style type=\"text\/css\" data-created_by=\"avia_inline_auto\" id=\"style-css-av-av_one_full-6126cab7d8fab8d08143dd2dacdf673c\">\n.flex_column.av-av_one_full-6126cab7d8fab8d08143dd2dacdf673c{\n-webkit-border-radius:0px 0px 0px 0px;\n-moz-border-radius:0px 0px 0px 0px;\nborder-radius:0px 0px 0px 0px;\npadding:0px 0px 0px 0px;\n}\n<\/style>\n<div class='flex_column av-av_one_full-6126cab7d8fab8d08143dd2dacdf673c av_one_full  avia-builder-el-6  el_after_av_two_third  el_before_av_section  avia-builder-el-last  first flex_column_div av-zero-column-padding column-top-margin'     ><style type=\"text\/css\" data-created_by=\"avia_inline_auto\" id=\"style-css-av-av_gallery-1235af255fc308365b48dcf9a7435c89\">\n#top .avia-gallery.av-av_gallery-1235af255fc308365b48dcf9a7435c89 .avia-gallery-thumb a{\nwidth:25%;\n}\n<\/style>\n<div  class='avia-gallery av-av_gallery-1235af255fc308365b48dcf9a7435c89 avia_animate_when_visible  avia-builder-el-7  avia-builder-el-no-sibling  avia_lazyload avia-gallery-animate avia-gallery-1'  itemprop=\"image\" itemscope=\"itemscope\" itemtype=\"https:\/\/schema.org\/ImageObject\" ><meta itemprop=\"contentURL\" content=\"https:\/\/slainte.com.tr\/en\/et-kurutma-aleti-ingilizce\/\"><div class='avia-gallery-thumb'><a href=\"https:\/\/slainte.com.tr\/wp-content\/uploads\/2017\/05\/et-kurutma-06.jpg\" data-srcset=\"https:\/\/slainte.com.tr\/wp-content\/uploads\/2017\/05\/et-kurutma-06.jpg 1000w, https:\/\/slainte.com.tr\/wp-content\/uploads\/2017\/05\/et-kurutma-06-300x169.jpg 300w, https:\/\/slainte.com.tr\/wp-content\/uploads\/2017\/05\/et-kurutma-06-768x432.jpg 768w, https:\/\/slainte.com.tr\/wp-content\/uploads\/2017\/05\/et-kurutma-06-705x397.jpg 705w, https:\/\/slainte.com.tr\/wp-content\/uploads\/2017\/05\/et-kurutma-06-450x253.jpg 450w\" data-sizes=\"(max-width: 1000px) 100vw, 1000px\" data-rel='gallery-1' data-prev-img='https:\/\/slainte.com.tr\/wp-content\/uploads\/2017\/05\/et-kurutma-06-495x400.jpg' class='first_thumb lightbox ' data-onclick='1' title=''  itemprop=\"thumbnailUrl\"  ><img class=\"wp-image-593 avia-img-lazy-loading-not-593\"   src=\"https:\/\/slainte.com.tr\/wp-content\/uploads\/2017\/05\/et-kurutma-06-495x400.jpg\" width=\"495\" height=\"400\"  title='' alt='' \/><div class='big-prev-fake'><img loading=\"lazy\" class=\"wp-image-593 avia-img-lazy-loading-593\"  width=\"495\" height=\"400\" src=\"https:\/\/slainte.com.tr\/wp-content\/uploads\/2017\/05\/et-kurutma-06-495x400.jpg\" title='' alt='' \/><\/div><\/a><a href=\"https:\/\/slainte.com.tr\/wp-content\/uploads\/2017\/05\/et-kurutma-01.jpg\" data-srcset=\"https:\/\/slainte.com.tr\/wp-content\/uploads\/2017\/05\/et-kurutma-01.jpg 1000w, https:\/\/slainte.com.tr\/wp-content\/uploads\/2017\/05\/et-kurutma-01-300x169.jpg 300w, https:\/\/slainte.com.tr\/wp-content\/uploads\/2017\/05\/et-kurutma-01-768x432.jpg 768w, https:\/\/slainte.com.tr\/wp-content\/uploads\/2017\/05\/et-kurutma-01-705x397.jpg 705w, https:\/\/slainte.com.tr\/wp-content\/uploads\/2017\/05\/et-kurutma-01-450x253.jpg 450w\" data-sizes=\"(max-width: 1000px) 100vw, 1000px\" data-rel='gallery-1' data-prev-img='https:\/\/slainte.com.tr\/wp-content\/uploads\/2017\/05\/et-kurutma-01-495x400.jpg' class='lightbox ' data-onclick='2' title=''  itemprop=\"thumbnailUrl\"  ><img class=\"wp-image-601 avia-img-lazy-loading-not-601\"   src=\"https:\/\/slainte.com.tr\/wp-content\/uploads\/2017\/05\/et-kurutma-01-495x400.jpg\" width=\"495\" height=\"400\"  title='' alt='' \/><div class='big-prev-fake'><img loading=\"lazy\" class=\"wp-image-601 avia-img-lazy-loading-601\"  width=\"495\" height=\"400\" src=\"https:\/\/slainte.com.tr\/wp-content\/uploads\/2017\/05\/et-kurutma-01-495x400.jpg\" title='' alt='' \/><\/div><\/a><a href=\"https:\/\/slainte.com.tr\/wp-content\/uploads\/2017\/05\/et-kurutma-02.jpg\" data-srcset=\"https:\/\/slainte.com.tr\/wp-content\/uploads\/2017\/05\/et-kurutma-02.jpg 1000w, https:\/\/slainte.com.tr\/wp-content\/uploads\/2017\/05\/et-kurutma-02-300x169.jpg 300w, https:\/\/slainte.com.tr\/wp-content\/uploads\/2017\/05\/et-kurutma-02-768x432.jpg 768w, https:\/\/slainte.com.tr\/wp-content\/uploads\/2017\/05\/et-kurutma-02-705x397.jpg 705w, https:\/\/slainte.com.tr\/wp-content\/uploads\/2017\/05\/et-kurutma-02-450x253.jpg 450w\" data-sizes=\"(max-width: 1000px) 100vw, 1000px\" data-rel='gallery-1' data-prev-img='https:\/\/slainte.com.tr\/wp-content\/uploads\/2017\/05\/et-kurutma-02-495x400.jpg' class='lightbox ' data-onclick='3' title=''  itemprop=\"thumbnailUrl\"  ><img class=\"wp-image-600 avia-img-lazy-loading-not-600\"   src=\"https:\/\/slainte.com.tr\/wp-content\/uploads\/2017\/05\/et-kurutma-02-495x400.jpg\" width=\"495\" height=\"400\"  title='' alt='' \/><div class='big-prev-fake'><img loading=\"lazy\" class=\"wp-image-600 avia-img-lazy-loading-600\"  width=\"495\" height=\"400\" src=\"https:\/\/slainte.com.tr\/wp-content\/uploads\/2017\/05\/et-kurutma-02-495x400.jpg\" title='' alt='' \/><\/div><\/a><a href=\"https:\/\/slainte.com.tr\/wp-content\/uploads\/2017\/05\/et-kurutma-03.jpg\" data-srcset=\"https:\/\/slainte.com.tr\/wp-content\/uploads\/2017\/05\/et-kurutma-03.jpg 1000w, https:\/\/slainte.com.tr\/wp-content\/uploads\/2017\/05\/et-kurutma-03-300x169.jpg 300w, https:\/\/slainte.com.tr\/wp-content\/uploads\/2017\/05\/et-kurutma-03-768x432.jpg 768w, https:\/\/slainte.com.tr\/wp-content\/uploads\/2017\/05\/et-kurutma-03-705x397.jpg 705w, https:\/\/slainte.com.tr\/wp-content\/uploads\/2017\/05\/et-kurutma-03-450x253.jpg 450w\" data-sizes=\"(max-width: 1000px) 100vw, 1000px\" data-rel='gallery-1' data-prev-img='https:\/\/slainte.com.tr\/wp-content\/uploads\/2017\/05\/et-kurutma-03-495x400.jpg' class='lightbox ' data-onclick='4' title=''  itemprop=\"thumbnailUrl\"  ><img class=\"wp-image-599 avia-img-lazy-loading-not-599\"   src=\"https:\/\/slainte.com.tr\/wp-content\/uploads\/2017\/05\/et-kurutma-03-495x400.jpg\" width=\"495\" height=\"400\"  title='' alt='' \/><div class='big-prev-fake'><img loading=\"lazy\" class=\"wp-image-599 avia-img-lazy-loading-599\"  width=\"495\" height=\"400\" src=\"https:\/\/slainte.com.tr\/wp-content\/uploads\/2017\/05\/et-kurutma-03-495x400.jpg\" title='' alt='' \/><\/div><\/a><a href=\"https:\/\/slainte.com.tr\/wp-content\/uploads\/2017\/05\/et-kurutma-04.jpg\" data-srcset=\"https:\/\/slainte.com.tr\/wp-content\/uploads\/2017\/05\/et-kurutma-04.jpg 1000w, https:\/\/slainte.com.tr\/wp-content\/uploads\/2017\/05\/et-kurutma-04-300x169.jpg 300w, https:\/\/slainte.com.tr\/wp-content\/uploads\/2017\/05\/et-kurutma-04-768x432.jpg 768w, https:\/\/slainte.com.tr\/wp-content\/uploads\/2017\/05\/et-kurutma-04-705x397.jpg 705w, https:\/\/slainte.com.tr\/wp-content\/uploads\/2017\/05\/et-kurutma-04-450x253.jpg 450w\" data-sizes=\"(max-width: 1000px) 100vw, 1000px\" data-rel='gallery-1' data-prev-img='https:\/\/slainte.com.tr\/wp-content\/uploads\/2017\/05\/et-kurutma-04-495x400.jpg' class='first_thumb lightbox ' data-onclick='5' title=''  itemprop=\"thumbnailUrl\"  ><img class=\"wp-image-598 avia-img-lazy-loading-not-598\"   src=\"https:\/\/slainte.com.tr\/wp-content\/uploads\/2017\/05\/et-kurutma-04-495x400.jpg\" width=\"495\" height=\"400\"  title='' alt='' \/><div class='big-prev-fake'><img loading=\"lazy\" class=\"wp-image-598 avia-img-lazy-loading-598\"  width=\"495\" height=\"400\" src=\"https:\/\/slainte.com.tr\/wp-content\/uploads\/2017\/05\/et-kurutma-04-495x400.jpg\" title='' alt='' \/><\/div><\/a><a href=\"https:\/\/slainte.com.tr\/wp-content\/uploads\/2017\/05\/et-kurutma-05.jpg\" data-srcset=\"https:\/\/slainte.com.tr\/wp-content\/uploads\/2017\/05\/et-kurutma-05.jpg 1000w, https:\/\/slainte.com.tr\/wp-content\/uploads\/2017\/05\/et-kurutma-05-300x169.jpg 300w, https:\/\/slainte.com.tr\/wp-content\/uploads\/2017\/05\/et-kurutma-05-768x432.jpg 768w, https:\/\/slainte.com.tr\/wp-content\/uploads\/2017\/05\/et-kurutma-05-705x397.jpg 705w, https:\/\/slainte.com.tr\/wp-content\/uploads\/2017\/05\/et-kurutma-05-450x253.jpg 450w\" data-sizes=\"(max-width: 1000px) 100vw, 1000px\" data-rel='gallery-1' data-prev-img='https:\/\/slainte.com.tr\/wp-content\/uploads\/2017\/05\/et-kurutma-05-495x400.jpg' class='lightbox ' data-onclick='6' title=''  itemprop=\"thumbnailUrl\"  ><img class=\"wp-image-597 avia-img-lazy-loading-not-597\"   src=\"https:\/\/slainte.com.tr\/wp-content\/uploads\/2017\/05\/et-kurutma-05-495x400.jpg\" width=\"495\" height=\"400\"  title='' alt='' \/><div class='big-prev-fake'><img loading=\"lazy\" class=\"wp-image-597 avia-img-lazy-loading-597\"  width=\"495\" height=\"400\" src=\"https:\/\/slainte.com.tr\/wp-content\/uploads\/2017\/05\/et-kurutma-05-495x400.jpg\" title='' alt='' \/><\/div><\/a><a href=\"https:\/\/slainte.com.tr\/wp-content\/uploads\/2017\/05\/et-kurutma-07.jpg\" data-srcset=\"https:\/\/slainte.com.tr\/wp-content\/uploads\/2017\/05\/et-kurutma-07.jpg 1000w, https:\/\/slainte.com.tr\/wp-content\/uploads\/2017\/05\/et-kurutma-07-300x169.jpg 300w, https:\/\/slainte.com.tr\/wp-content\/uploads\/2017\/05\/et-kurutma-07-768x432.jpg 768w, https:\/\/slainte.com.tr\/wp-content\/uploads\/2017\/05\/et-kurutma-07-705x397.jpg 705w, https:\/\/slainte.com.tr\/wp-content\/uploads\/2017\/05\/et-kurutma-07-450x253.jpg 450w\" data-sizes=\"(max-width: 1000px) 100vw, 1000px\" data-rel='gallery-1' data-prev-img='https:\/\/slainte.com.tr\/wp-content\/uploads\/2017\/05\/et-kurutma-07-495x400.jpg' class='lightbox ' data-onclick='7' title=''  itemprop=\"thumbnailUrl\"  ><img class=\"wp-image-596 avia-img-lazy-loading-not-596\"   src=\"https:\/\/slainte.com.tr\/wp-content\/uploads\/2017\/05\/et-kurutma-07-495x400.jpg\" width=\"495\" height=\"400\"  title='' alt='' \/><div class='big-prev-fake'><img loading=\"lazy\" class=\"wp-image-596 avia-img-lazy-loading-596\"  width=\"495\" height=\"400\" src=\"https:\/\/slainte.com.tr\/wp-content\/uploads\/2017\/05\/et-kurutma-07-495x400.jpg\" title='' alt='' \/><\/div><\/a><a href=\"https:\/\/slainte.com.tr\/wp-content\/uploads\/2017\/05\/et-kurutma-08.jpg\" data-srcset=\"https:\/\/slainte.com.tr\/wp-content\/uploads\/2017\/05\/et-kurutma-08.jpg 563w, https:\/\/slainte.com.tr\/wp-content\/uploads\/2017\/05\/et-kurutma-08-169x300.jpg 169w, https:\/\/slainte.com.tr\/wp-content\/uploads\/2017\/05\/et-kurutma-08-397x705.jpg 397w, https:\/\/slainte.com.tr\/wp-content\/uploads\/2017\/05\/et-kurutma-08-450x799.jpg 450w\" data-sizes=\"(max-width: 563px) 100vw, 563px\" data-rel='gallery-1' data-prev-img='https:\/\/slainte.com.tr\/wp-content\/uploads\/2017\/05\/et-kurutma-08-495x400.jpg' class='lightbox ' data-onclick='8' title=''  itemprop=\"thumbnailUrl\"  ><img class=\"wp-image-595 avia-img-lazy-loading-not-595\"   src=\"https:\/\/slainte.com.tr\/wp-content\/uploads\/2017\/05\/et-kurutma-08-495x400.jpg\" width=\"495\" height=\"400\"  title='' alt='' \/><div class='big-prev-fake'><img loading=\"lazy\" class=\"wp-image-595 avia-img-lazy-loading-595\"  width=\"495\" height=\"400\" src=\"https:\/\/slainte.com.tr\/wp-content\/uploads\/2017\/05\/et-kurutma-08-495x400.jpg\" title='' alt='' \/><\/div><\/a><a href=\"https:\/\/slainte.com.tr\/wp-content\/uploads\/2017\/05\/et-kurutma-09.jpg\" data-srcset=\"https:\/\/slainte.com.tr\/wp-content\/uploads\/2017\/05\/et-kurutma-09.jpg 1000w, https:\/\/slainte.com.tr\/wp-content\/uploads\/2017\/05\/et-kurutma-09-300x169.jpg 300w, https:\/\/slainte.com.tr\/wp-content\/uploads\/2017\/05\/et-kurutma-09-768x432.jpg 768w, https:\/\/slainte.com.tr\/wp-content\/uploads\/2017\/05\/et-kurutma-09-705x397.jpg 705w, https:\/\/slainte.com.tr\/wp-content\/uploads\/2017\/05\/et-kurutma-09-450x253.jpg 450w\" data-sizes=\"(max-width: 1000px) 100vw, 1000px\" data-rel='gallery-1' data-prev-img='https:\/\/slainte.com.tr\/wp-content\/uploads\/2017\/05\/et-kurutma-09-495x400.jpg' class='first_thumb lightbox ' data-onclick='9' title=''  itemprop=\"thumbnailUrl\"  ><img class=\"wp-image-594 avia-img-lazy-loading-not-594\"   src=\"https:\/\/slainte.com.tr\/wp-content\/uploads\/2017\/05\/et-kurutma-09-495x400.jpg\" width=\"495\" height=\"400\"  title='' alt='' \/><div class='big-prev-fake'><img loading=\"lazy\" class=\"wp-image-594 avia-img-lazy-loading-594\"  width=\"495\" height=\"400\" src=\"https:\/\/slainte.com.tr\/wp-content\/uploads\/2017\/05\/et-kurutma-09-495x400.jpg\" title='' alt='' \/><\/div><\/a><\/div><\/div><\/div>\n<\/div><\/div><\/div><!-- close content main div --><\/div><\/div><div id='av_section_1'  class='avia-section av-av_section-87fbd8d26c8ac17d06967655d546fb33 alternate_color avia-section-default avia-no-shadow  avia-builder-el-8  el_after_av_one_full  avia-builder-el-last  avia-bg-style-scroll container_wrap fullsize'  ><div class='container av-section-cont-open' ><div class='template-page content  av-content-full alpha units'><div class='post-entry post-entry-type-page post-entry-396'><div class='entry-content-wrapper clearfix'>\n\n<style type=\"text\/css\" data-created_by=\"avia_inline_auto\" id=\"style-css-av-av_one_half-6126cab7d8fab8d08143dd2dacdf673c\">\n.flex_column.av-av_one_half-6126cab7d8fab8d08143dd2dacdf673c{\n-webkit-border-radius:0px 0px 0px 0px;\n-moz-border-radius:0px 0px 0px 0px;\nborder-radius:0px 0px 0px 0px;\npadding:0px 0px 0px 0px;\n}\n<\/style>\n<div class='flex_column av-av_one_half-6126cab7d8fab8d08143dd2dacdf673c av_one_half  avia-builder-el-9  el_before_av_one_half  avia-builder-el-first  first flex_column_div av-zero-column-padding '     ><p>\n<style type=\"text\/css\" data-created_by=\"avia_inline_auto\" id=\"style-css-av-av_heading-cc3b5fe324b34650b875099184c7af4e\">\n#top .av-special-heading.av-av_heading-cc3b5fe324b34650b875099184c7af4e{\npadding-bottom:10px;\n}\nbody .av-special-heading.av-av_heading-cc3b5fe324b34650b875099184c7af4e .av-special-heading-tag .heading-char{\nfont-size:25px;\n}\n.av-special-heading.av-av_heading-cc3b5fe324b34650b875099184c7af4e .av-subheading{\nfont-size:15px;\n}\n<\/style>\n<div  class='av-special-heading av-av_heading-cc3b5fe324b34650b875099184c7af4e av-special-heading-h2 blockquote modern-quote  avia-builder-el-10  el_before_av_textblock  avia-builder-el-first '><h2 class='av-special-heading-tag'  itemprop=\"headline\"  >\u00dcr\u00fcn Bedeli<\/h2><div class=\"special-heading-border\"><div class=\"special-heading-inner-border\"><\/div><\/div><\/div><br \/>\n\n<style type=\"text\/css\" data-created_by=\"avia_inline_auto\" id=\"style-css-av-mc5zz7hl-0c5bbbbb5972758b0a9ed04ec027fb75\">\n#top .av_textblock_section.av-mc5zz7hl-0c5bbbbb5972758b0a9ed04ec027fb75 .avia_textblock{\nfont-size:40px;\n}\n<\/style>\n<section  class='av_textblock_section av-mc5zz7hl-0c5bbbbb5972758b0a9ed04ec027fb75'  itemscope=\"itemscope\" itemtype=\"https:\/\/schema.org\/CreativeWork\" ><div class='avia_textblock'  itemprop=\"text\" ><p>1500,00 TL<\/p>\n<\/div><\/section><br \/>\n<section  class='av_textblock_section av-av_textblock-0366cc7376be6c9e82a3e9cc8987b64f'  itemscope=\"itemscope\" itemtype=\"https:\/\/schema.org\/CreativeWork\" ><div class='avia_textblock'  itemprop=\"text\" ><p>\u00dcr\u00fcn bedellerine KDV dahil de\u011fildir.<\/p>\n<\/div><\/section><\/p><\/div>\n<style type=\"text\/css\" data-created_by=\"avia_inline_auto\" id=\"style-css-av-av_one_half-0aa7055fe62c3622faec82866afbaeb2\">\n.flex_column.av-av_one_half-0aa7055fe62c3622faec82866afbaeb2{\n-webkit-border-radius:0px 0px 0px 0px;\n-moz-border-radius:0px 0px 0px 0px;\nborder-radius:0px 0px 0px 0px;\npadding:0px 0px 0px 0px;\n}\n<\/style>\n<div class='flex_column av-av_one_half-0aa7055fe62c3622faec82866afbaeb2 av_one_half  avia-builder-el-13  el_after_av_one_half  avia-builder-el-last  flex_column_div av-zero-column-padding '     ><p>\n<style type=\"text\/css\" data-created_by=\"avia_inline_auto\" id=\"style-css-av-av_heading-94444f00a07d730e9309a3b78fb6c904\">\n#top .av-special-heading.av-av_heading-94444f00a07d730e9309a3b78fb6c904{\npadding-bottom:10px;\n}\nbody .av-special-heading.av-av_heading-94444f00a07d730e9309a3b78fb6c904 .av-special-heading-tag .heading-char{\nfont-size:25px;\n}\n.av-special-heading.av-av_heading-94444f00a07d730e9309a3b78fb6c904 .av-subheading{\nfont-size:15px;\n}\n<\/style>\n<div  class='av-special-heading av-av_heading-94444f00a07d730e9309a3b78fb6c904 av-special-heading-h2 blockquote modern-quote  avia-builder-el-14  el_before_av_textblock  avia-builder-el-first '><h2 class='av-special-heading-tag'  itemprop=\"headline\"  >Sat\u0131n almak i\u00e7in<\/h2><div class=\"special-heading-border\"><div class=\"special-heading-inner-border\"><\/div><\/div><\/div><br \/>\n<section  class='av_textblock_section av-av_textblock-396ddf1f42196ca838231e61a4602801'  itemscope=\"itemscope\" itemtype=\"https:\/\/schema.org\/CreativeWork\" ><div class='avia_textblock'  itemprop=\"text\" ><p><strong>\u0130leti\u015fim<\/strong><br \/>\nTel: 0532 138 06 31<br \/>\ninfo@slainte.com.tr<\/p>\n<\/div><\/section><\/p><\/div>\n","protected":false},"excerpt":{"rendered":"","protected":false},"author":1,"featured_media":0,"parent":0,"menu_order":0,"comment_status":"closed","ping_status":"closed","template":"","meta":[],"_links":{"self":[{"href":"https:\/\/slainte.com.tr\/en\/wp-json\/wp\/v2\/pages\/396"}],"collection":[{"href":"https:\/\/slainte.com.tr\/en\/wp-json\/wp\/v2\/pages"}],"about":[{"href":"https:\/\/slainte.com.tr\/en\/wp-json\/wp\/v2\/types\/page"}],"author":[{"embeddable":true,"href":"https:\/\/slainte.com.tr\/en\/wp-json\/wp\/v2\/users\/1"}],"replies":[{"embeddable":true,"href":"https:\/\/slainte.com.tr\/en\/wp-json\/wp\/v2\/comments?post=396"}],"version-history":[{"count":8,"href":"https:\/\/slainte.com.tr\/en\/wp-json\/wp\/v2\/pages\/396\/revisions"}],"predecessor-version":[{"id":623,"href":"https:\/\/slainte.com.tr\/en\/wp-json\/wp\/v2\/pages\/396\/revisions\/623"}],"wp:attachment":[{"href":"https:\/\/slainte.com.tr\/en\/wp-json\/wp\/v2\/media?parent=396"}],"curies":[{"name":"wp","href":"https:\/\/api.w.org\/{rel}","templated":true}]}}